{"id":396,"date":"2023-01-16T18:10:28","date_gmt":"2023-01-16T18:10:28","guid":{"rendered":"https:\/\/pandapay.ca\/legals\/"},"modified":"2023-11-06T16:20:39","modified_gmt":"2023-11-06T16:20:39","slug":"legals","status":"publish","type":"page","link":"https:\/\/pandapay.ca\/fr\/legals\/","title":{"rendered":"Mentions l\u00e9gales"},"content":{"rendered":"<div class=\"o-section-gutenberg -classic\">Politique de confidentialit\u00e9 :<\/p>\n<p>La pr\u00e9sente politique de confidentialit\u00e9 d\u00e9finit la mani\u00e8re dont PandaPay utilise et prot\u00e8ge les informations que vous lui communiquez lorsque vous utilisez ce site Web. PandaPay s&rsquo;engage \u00e0 garantir la protection de votre vie priv\u00e9e. Si nous vous demandons de fournir certaines informations permettant de vous identifier lors de l&rsquo;utilisation de ce site Web, vous pouvez \u00eatre assur\u00e9 qu&rsquo;elles ne seront utilis\u00e9es que conform\u00e9ment \u00e0 la pr\u00e9sente d\u00e9claration de confidentialit\u00e9.<\/p>\n<p>&nbsp;<\/p>\n<p>Conditions d&rsquo;utilisation :<\/p>\n<p>Les pr\u00e9sentes conditions d&rsquo;utilisation r\u00e9gissent votre acc\u00e8s et votre utilisation de notre site web. En acc\u00e9dant au site Web ou en l&rsquo;utilisant, vous acceptez d&rsquo;\u00eatre li\u00e9 par les pr\u00e9sentes Conditions d&rsquo;utilisation, qui constituent un accord juridique contraignant entre vous et PandaPay.<\/p>\n<p>&nbsp;<\/p>\n<p>Clause de non-responsabilit\u00e9 :<\/p>\n<p>Les informations contenues sur ce site Web sont uniquement destin\u00e9es \u00e0 des fins d&rsquo;information g\u00e9n\u00e9rale. Les informations sont fournies par PandaPay et bien que nous nous efforcions de maintenir les informations \u00e0 jour et correctes, nous ne faisons aucune d\u00e9claration ou garantie de quelque nature que ce soit, expresse ou implicite, concernant l&rsquo;exhaustivit\u00e9, l&rsquo;exactitude, la fiabilit\u00e9, l&rsquo;ad\u00e9quation ou la disponibilit\u00e9 en ce qui concerne le site Web ou les informations, les produits, les services ou les graphiques connexes contenus sur le site Web \u00e0 quelque fin que ce soit. La confiance que vous accordez \u00e0 ces informations est donc strictement \u00e0 vos risques et p\u00e9rils.<\/p>\n<p>&nbsp;<\/p>\n<p>Avis de droit d&rsquo;auteur :<\/p>\n<p>Ce site Web et son contenu sont prot\u00e9g\u00e9s par les droits d&rsquo;auteur de PandaPay &#8211; \u00a9 PandaPay [2023]. Tous les droits sont r\u00e9serv\u00e9s. Toute redistribution ou reproduction d&rsquo;une partie ou de la totalit\u00e9 du contenu sous quelque forme que ce soit est interdite.<\/p>\n<p>&nbsp;<\/p>\n<p>Avis de marque d\u00e9pos\u00e9e :<\/p>\n<p>PandaPay et son logo sont des marques d\u00e9pos\u00e9es de PandaPay. Toute utilisation de ces marques sans le consentement \u00e9crit de PandaPay est strictement interdite.<\/p>\n<p>&nbsp;<\/p>\n<p>PandaPay est un Fournisseur de Services Marchands \/ ISO enregistr\u00e9 de Wells Fargo Bank, N.A., succursale canadienne, Toronto, ON, Canada. PandaPay est \u00e9galement un Fournisseur de Services Marchands \/ ISO enregistr\u00e9 de la succursale canadienne de U.S. Bank National Association et Elavon.<\/p>\n<p>PandaPay est une ISO enregistr\u00e9e par Nuvei Technologies Corp. 1100 Boulevard Ren\u00e9-L\u00e9vesque Ouest, #900, Montr\u00e9al, Qu\u00e9bec, H3B 4N4.<\/p><\/div>\n","protected":false},"excerpt":{"rendered":"<p>Politique de confidentialit\u00e9 : La pr\u00e9sente politique de confidentialit\u00e9 d\u00e9finit la mani\u00e8re dont PandaPay utilise et prot\u00e8ge les informations que vous lui communiquez lorsque vous utilisez ce site Web. PandaPay s&rsquo;engage \u00e0 garantir la protection de votre vie priv\u00e9e. Si nous vous demandons de fournir certaines informations permettant de vous identifier lors de l&rsquo;utilisation de [&hellip;]<\/p>\n","protected":false},"author":1,"featured_media":0,"parent":0,"menu_order":0,"comment_status":"closed","ping_status":"closed","template":"","meta":{"_acf_changed":false,"footnotes":""},"class_list":["post-396","page","type-page","status-publish","hentry"],"acf":[],"yoast_head":"<!-- This site is optimized with the Yoast SEO plugin v19.14 - https:\/\/yoast.com\/wordpress\/plugins\/seo\/ -->\n<title>Mentions l\u00e9gales - PandaPay<\/title>\n<meta name=\"robots\" content=\"index, follow, max-snippet:-1, max-image-preview:large, max-video-preview:-1\" \/>\n<link rel=\"canonical\" href=\"https:\/\/pandapay.ca\/fr\/legals\/\" \/>\n<meta property=\"og:locale\" content=\"fr_FR\" \/>\n<meta property=\"og:type\" content=\"article\" \/>\n<meta property=\"og:title\" content=\"Mentions l\u00e9gales - PandaPay\" \/>\n<meta property=\"og:description\" content=\"Politique de confidentialit\u00e9 : La pr\u00e9sente politique de confidentialit\u00e9 d\u00e9finit la mani\u00e8re dont PandaPay utilise et prot\u00e8ge les informations que vous lui communiquez lorsque vous utilisez ce site Web. PandaPay s&rsquo;engage \u00e0 garantir la protection de votre vie priv\u00e9e. Si nous vous demandons de fournir certaines informations permettant de vous identifier lors de l&rsquo;utilisation de [&hellip;]\" \/>\n<meta property=\"og:url\" content=\"https:\/\/pandapay.ca\/fr\/legals\/\" \/>\n<meta property=\"og:site_name\" content=\"PandaPay\" \/>\n<meta property=\"article:publisher\" content=\"https:\/\/www.facebook.com\/PandaPay\" \/>\n<meta property=\"article:modified_time\" content=\"2023-11-06T16:20:39+00:00\" \/>\n<meta property=\"og:image\" content=\"https:\/\/pandapay.ca\/app\/uploads\/2023\/05\/Frame-1513-1.png\" \/>\n\t<meta property=\"og:image:width\" content=\"1208\" \/>\n\t<meta property=\"og:image:height\" content=\"608\" \/>\n\t<meta property=\"og:image:type\" content=\"image\/png\" \/>\n<meta name=\"twitter:card\" content=\"summary_large_image\" \/>\n<meta name=\"twitter:site\" content=\"@pandapayinc\" \/>\n<meta name=\"twitter:label1\" content=\"Est. reading time\" \/>\n\t<meta name=\"twitter:data1\" content=\"2 minutes\" \/>\n<script type=\"application\/ld+json\" class=\"yoast-schema-graph\">{\"@context\":\"https:\/\/schema.org\",\"@graph\":[{\"@type\":\"WebPage\",\"@id\":\"https:\/\/pandapay.ca\/fr\/legals\/\",\"url\":\"https:\/\/pandapay.ca\/fr\/legals\/\",\"name\":\"Mentions l\u00e9gales - PandaPay\",\"isPartOf\":{\"@id\":\"https:\/\/pandapay.ca\/fr\/#website\"},\"datePublished\":\"2023-01-16T18:10:28+00:00\",\"dateModified\":\"2023-11-06T16:20:39+00:00\",\"breadcrumb\":{\"@id\":\"https:\/\/pandapay.ca\/fr\/legals\/#breadcrumb\"},\"inLanguage\":\"fr-FR\",\"potentialAction\":[{\"@type\":\"ReadAction\",\"target\":[\"https:\/\/pandapay.ca\/fr\/legals\/\"]}]},{\"@type\":\"BreadcrumbList\",\"@id\":\"https:\/\/pandapay.ca\/fr\/legals\/#breadcrumb\",\"itemListElement\":[{\"@type\":\"ListItem\",\"position\":1,\"name\":\"Accueil\",\"item\":\"https:\/\/pandapay.ca\/fr\/\"},{\"@type\":\"ListItem\",\"position\":2,\"name\":\"Mentions l\u00e9gales\"}]},{\"@type\":\"WebSite\",\"@id\":\"https:\/\/pandapay.ca\/fr\/#website\",\"url\":\"https:\/\/pandapay.ca\/fr\/\",\"name\":\"PandaPay\",\"description\":\"Votre partenaire de traitement de paiements tout-inclus.\",\"publisher\":{\"@id\":\"https:\/\/pandapay.ca\/fr\/#organization\"},\"potentialAction\":[{\"@type\":\"SearchAction\",\"target\":{\"@type\":\"EntryPoint\",\"urlTemplate\":\"https:\/\/pandapay.ca\/fr\/?s={search_term_string}\"},\"query-input\":\"required name=search_term_string\"}],\"inLanguage\":\"fr-FR\"},{\"@type\":\"Organization\",\"@id\":\"https:\/\/pandapay.ca\/fr\/#organization\",\"name\":\"PandaPay\",\"url\":\"https:\/\/pandapay.ca\/fr\/\",\"logo\":{\"@type\":\"ImageObject\",\"inLanguage\":\"fr-FR\",\"@id\":\"https:\/\/pandapay.ca\/fr\/#\/schema\/logo\/image\/\",\"url\":\"https:\/\/pandapay.ca\/app\/uploads\/2023\/03\/logo-pandaypay-144x144-1.png\",\"contentUrl\":\"https:\/\/pandapay.ca\/app\/uploads\/2023\/03\/logo-pandaypay-144x144-1.png\",\"width\":144,\"height\":144,\"caption\":\"PandaPay\"},\"image\":{\"@id\":\"https:\/\/pandapay.ca\/fr\/#\/schema\/logo\/image\/\"},\"sameAs\":[\"https:\/\/www.instagram.com\/pandapay\/\",\"https:\/\/ca.linkedin.com\/company\/pandapay\/\",\"https:\/\/www.facebook.com\/PandaPay\",\"https:\/\/twitter.com\/pandapayinc\"]}]}<\/script>\n<!-- \/ Yoast SEO plugin. -->","yoast_head_json":{"title":"Mentions l\u00e9gales - PandaPay","robots":{"index":"index","follow":"follow","max-snippet":"max-snippet:-1","max-image-preview":"max-image-preview:large","max-video-preview":"max-video-preview:-1"},"canonical":"https:\/\/pandapay.ca\/fr\/legals\/","og_locale":"fr_FR","og_type":"article","og_title":"Mentions l\u00e9gales - PandaPay","og_description":"Politique de confidentialit\u00e9 : La pr\u00e9sente politique de confidentialit\u00e9 d\u00e9finit la mani\u00e8re dont PandaPay utilise et prot\u00e8ge les informations que vous lui communiquez lorsque vous utilisez ce site Web. PandaPay s&rsquo;engage \u00e0 garantir la protection de votre vie priv\u00e9e. Si nous vous demandons de fournir certaines informations permettant de vous identifier lors de l&rsquo;utilisation de [&hellip;]","og_url":"https:\/\/pandapay.ca\/fr\/legals\/","og_site_name":"PandaPay","article_publisher":"https:\/\/www.facebook.com\/PandaPay","article_modified_time":"2023-11-06T16:20:39+00:00","og_image":[{"width":1208,"height":608,"url":"https:\/\/pandapay.ca\/app\/uploads\/2023\/05\/Frame-1513-1.png","type":"image\/png"}],"twitter_card":"summary_large_image","twitter_site":"@pandapayinc","twitter_misc":{"Est. reading time":"2 minutes"},"schema":{"@context":"https:\/\/schema.org","@graph":[{"@type":"WebPage","@id":"https:\/\/pandapay.ca\/fr\/legals\/","url":"https:\/\/pandapay.ca\/fr\/legals\/","name":"Mentions l\u00e9gales - PandaPay","isPartOf":{"@id":"https:\/\/pandapay.ca\/fr\/#website"},"datePublished":"2023-01-16T18:10:28+00:00","dateModified":"2023-11-06T16:20:39+00:00","breadcrumb":{"@id":"https:\/\/pandapay.ca\/fr\/legals\/#breadcrumb"},"inLanguage":"fr-FR","potentialAction":[{"@type":"ReadAction","target":["https:\/\/pandapay.ca\/fr\/legals\/"]}]},{"@type":"BreadcrumbList","@id":"https:\/\/pandapay.ca\/fr\/legals\/#breadcrumb","itemListElement":[{"@type":"ListItem","position":1,"name":"Accueil","item":"https:\/\/pandapay.ca\/fr\/"},{"@type":"ListItem","position":2,"name":"Mentions l\u00e9gales"}]},{"@type":"WebSite","@id":"https:\/\/pandapay.ca\/fr\/#website","url":"https:\/\/pandapay.ca\/fr\/","name":"PandaPay","description":"Votre partenaire de traitement de paiements tout-inclus.","publisher":{"@id":"https:\/\/pandapay.ca\/fr\/#organization"},"potentialAction":[{"@type":"SearchAction","target":{"@type":"EntryPoint","urlTemplate":"https:\/\/pandapay.ca\/fr\/?s={search_term_string}"},"query-input":"required name=search_term_string"}],"inLanguage":"fr-FR"},{"@type":"Organization","@id":"https:\/\/pandapay.ca\/fr\/#organization","name":"PandaPay","url":"https:\/\/pandapay.ca\/fr\/","logo":{"@type":"ImageObject","inLanguage":"fr-FR","@id":"https:\/\/pandapay.ca\/fr\/#\/schema\/logo\/image\/","url":"https:\/\/pandapay.ca\/app\/uploads\/2023\/03\/logo-pandaypay-144x144-1.png","contentUrl":"https:\/\/pandapay.ca\/app\/uploads\/2023\/03\/logo-pandaypay-144x144-1.png","width":144,"height":144,"caption":"PandaPay"},"image":{"@id":"https:\/\/pandapay.ca\/fr\/#\/schema\/logo\/image\/"},"sameAs":["https:\/\/www.instagram.com\/pandapay\/","https:\/\/ca.linkedin.com\/company\/pandapay\/","https:\/\/www.facebook.com\/PandaPay","https:\/\/twitter.com\/pandapayinc"]}]}},"_links":{"self":[{"href":"https:\/\/pandapay.ca\/fr\/wp-json\/wp\/v2\/pages\/396","targetHints":{"allow":["GET"]}}],"collection":[{"href":"https:\/\/pandapay.ca\/fr\/wp-json\/wp\/v2\/pages"}],"about":[{"href":"https:\/\/pandapay.ca\/fr\/wp-json\/wp\/v2\/types\/page"}],"author":[{"embeddable":true,"href":"https:\/\/pandapay.ca\/fr\/wp-json\/wp\/v2\/users\/1"}],"replies":[{"embeddable":true,"href":"https:\/\/pandapay.ca\/fr\/wp-json\/wp\/v2\/comments?post=396"}],"version-history":[{"count":8,"href":"https:\/\/pandapay.ca\/fr\/wp-json\/wp\/v2\/pages\/396\/revisions"}],"predecessor-version":[{"id":987,"href":"https:\/\/pandapay.ca\/fr\/wp-json\/wp\/v2\/pages\/396\/revisions\/987"}],"wp:attachment":[{"href":"https:\/\/pandapay.ca\/fr\/wp-json\/wp\/v2\/media?parent=396"}],"curies":[{"name":"wp","href":"https:\/\/api.w.org\/{rel}","templated":true}]}}