{"id":386,"date":"2022-12-20T19:13:04","date_gmt":"2022-12-20T19:13:04","guid":{"rendered":"https:\/\/pandapay.test\/?page_id=386"},"modified":"2025-05-26T17:56:32","modified_gmt":"2025-05-26T17:56:32","slug":"notre-engagement","status":"publish","type":"page","link":"https:\/\/pandapay.ca\/fr\/notre-engagement\/","title":{"rendered":"Notre engagement"},"content":{"rendered":"","protected":false},"excerpt":{"rendered":"","protected":false},"author":1,"featured_media":0,"parent":0,"menu_order":0,"comment_status":"closed","ping_status":"closed","template":"t-we-care.php","meta":{"_acf_changed":false,"footnotes":""},"class_list":["post-386","page","type-page","status-publish","hentry"],"acf":[],"yoast_head":"<!-- This site is optimized with the Yoast SEO plugin v19.14 - https:\/\/yoast.com\/wordpress\/plugins\/seo\/ -->\n<title>Notre engagement - PandaPay<\/title>\n<meta name=\"description\" content=\"Notre engagement est de tout faire de fa\u00e7on simple, honn\u00eate et directe. Pas de frais cach\u00e9s, pas de mauvaises surprises, pas d\u2019excuses.\" \/>\n<meta name=\"robots\" content=\"index, follow, max-snippet:-1, max-image-preview:large, max-video-preview:-1\" \/>\n<link rel=\"canonical\" href=\"https:\/\/pandapay.ca\/fr\/notre-engagement\/\" \/>\n<meta property=\"og:locale\" content=\"fr_FR\" \/>\n<meta property=\"og:type\" content=\"article\" \/>\n<meta property=\"og:title\" content=\"Notre engagement - PandaPay\" \/>\n<meta property=\"og:description\" content=\"Notre engagement est de tout faire de fa\u00e7on simple, honn\u00eate et directe. Pas de frais cach\u00e9s, pas de mauvaises surprises, pas d\u2019excuses.\" \/>\n<meta property=\"og:url\" content=\"https:\/\/pandapay.ca\/fr\/notre-engagement\/\" \/>\n<meta property=\"og:site_name\" content=\"PandaPay\" \/>\n<meta property=\"article:publisher\" content=\"https:\/\/www.facebook.com\/PandaPay\" \/>\n<meta property=\"article:modified_time\" content=\"2025-05-26T17:56:32+00:00\" \/>\n<meta property=\"og:image\" content=\"https:\/\/pandapay.ca\/app\/uploads\/2023\/05\/Frame-1513-1.png\" \/>\n\t<meta property=\"og:image:width\" content=\"1208\" \/>\n\t<meta property=\"og:image:height\" content=\"608\" \/>\n\t<meta property=\"og:image:type\" content=\"image\/png\" \/>\n<meta name=\"twitter:card\" content=\"summary_large_image\" \/>\n<meta name=\"twitter:site\" content=\"@pandapayinc\" \/>\n<script type=\"application\/ld+json\" class=\"yoast-schema-graph\">{\"@context\":\"https:\/\/schema.org\",\"@graph\":[{\"@type\":\"WebPage\",\"@id\":\"https:\/\/pandapay.ca\/fr\/notre-engagement\/\",\"url\":\"https:\/\/pandapay.ca\/fr\/notre-engagement\/\",\"name\":\"Notre engagement - PandaPay\",\"isPartOf\":{\"@id\":\"https:\/\/pandapay.ca\/fr\/#website\"},\"datePublished\":\"2022-12-20T19:13:04+00:00\",\"dateModified\":\"2025-05-26T17:56:32+00:00\",\"description\":\"Notre engagement est de tout faire de fa\u00e7on simple, honn\u00eate et directe. Pas de frais cach\u00e9s, pas de mauvaises surprises, pas d\u2019excuses.\",\"breadcrumb\":{\"@id\":\"https:\/\/pandapay.ca\/fr\/notre-engagement\/#breadcrumb\"},\"inLanguage\":\"fr-FR\",\"potentialAction\":[{\"@type\":\"ReadAction\",\"target\":[\"https:\/\/pandapay.ca\/fr\/notre-engagement\/\"]}]},{\"@type\":\"BreadcrumbList\",\"@id\":\"https:\/\/pandapay.ca\/fr\/notre-engagement\/#breadcrumb\",\"itemListElement\":[{\"@type\":\"ListItem\",\"position\":1,\"name\":\"Accueil\",\"item\":\"https:\/\/pandapay.ca\/fr\/\"},{\"@type\":\"ListItem\",\"position\":2,\"name\":\"Notre engagement\"}]},{\"@type\":\"WebSite\",\"@id\":\"https:\/\/pandapay.ca\/fr\/#website\",\"url\":\"https:\/\/pandapay.ca\/fr\/\",\"name\":\"PandaPay\",\"description\":\"Votre partenaire de traitement de paiements tout-inclus.\",\"publisher\":{\"@id\":\"https:\/\/pandapay.ca\/fr\/#organization\"},\"potentialAction\":[{\"@type\":\"SearchAction\",\"target\":{\"@type\":\"EntryPoint\",\"urlTemplate\":\"https:\/\/pandapay.ca\/fr\/?s={search_term_string}\"},\"query-input\":\"required name=search_term_string\"}],\"inLanguage\":\"fr-FR\"},{\"@type\":\"Organization\",\"@id\":\"https:\/\/pandapay.ca\/fr\/#organization\",\"name\":\"PandaPay\",\"url\":\"https:\/\/pandapay.ca\/fr\/\",\"logo\":{\"@type\":\"ImageObject\",\"inLanguage\":\"fr-FR\",\"@id\":\"https:\/\/pandapay.ca\/fr\/#\/schema\/logo\/image\/\",\"url\":\"https:\/\/pandapay.ca\/app\/uploads\/2023\/03\/logo-pandaypay-144x144-1.png\",\"contentUrl\":\"https:\/\/pandapay.ca\/app\/uploads\/2023\/03\/logo-pandaypay-144x144-1.png\",\"width\":144,\"height\":144,\"caption\":\"PandaPay\"},\"image\":{\"@id\":\"https:\/\/pandapay.ca\/fr\/#\/schema\/logo\/image\/\"},\"sameAs\":[\"https:\/\/www.instagram.com\/pandapay\/\",\"https:\/\/ca.linkedin.com\/company\/pandapay\/\",\"https:\/\/www.facebook.com\/PandaPay\",\"https:\/\/twitter.com\/pandapayinc\"]}]}<\/script>\n<!-- \/ Yoast SEO plugin. -->","yoast_head_json":{"title":"Notre engagement - PandaPay","description":"Notre engagement est de tout faire de fa\u00e7on simple, honn\u00eate et directe. Pas de frais cach\u00e9s, pas de mauvaises surprises, pas d\u2019excuses.","robots":{"index":"index","follow":"follow","max-snippet":"max-snippet:-1","max-image-preview":"max-image-preview:large","max-video-preview":"max-video-preview:-1"},"canonical":"https:\/\/pandapay.ca\/fr\/notre-engagement\/","og_locale":"fr_FR","og_type":"article","og_title":"Notre engagement - PandaPay","og_description":"Notre engagement est de tout faire de fa\u00e7on simple, honn\u00eate et directe. Pas de frais cach\u00e9s, pas de mauvaises surprises, pas d\u2019excuses.","og_url":"https:\/\/pandapay.ca\/fr\/notre-engagement\/","og_site_name":"PandaPay","article_publisher":"https:\/\/www.facebook.com\/PandaPay","article_modified_time":"2025-05-26T17:56:32+00:00","og_image":[{"width":1208,"height":608,"url":"https:\/\/pandapay.ca\/app\/uploads\/2023\/05\/Frame-1513-1.png","type":"image\/png"}],"twitter_card":"summary_large_image","twitter_site":"@pandapayinc","schema":{"@context":"https:\/\/schema.org","@graph":[{"@type":"WebPage","@id":"https:\/\/pandapay.ca\/fr\/notre-engagement\/","url":"https:\/\/pandapay.ca\/fr\/notre-engagement\/","name":"Notre engagement - PandaPay","isPartOf":{"@id":"https:\/\/pandapay.ca\/fr\/#website"},"datePublished":"2022-12-20T19:13:04+00:00","dateModified":"2025-05-26T17:56:32+00:00","description":"Notre engagement est de tout faire de fa\u00e7on simple, honn\u00eate et directe. Pas de frais cach\u00e9s, pas de mauvaises surprises, pas d\u2019excuses.","breadcrumb":{"@id":"https:\/\/pandapay.ca\/fr\/notre-engagement\/#breadcrumb"},"inLanguage":"fr-FR","potentialAction":[{"@type":"ReadAction","target":["https:\/\/pandapay.ca\/fr\/notre-engagement\/"]}]},{"@type":"BreadcrumbList","@id":"https:\/\/pandapay.ca\/fr\/notre-engagement\/#breadcrumb","itemListElement":[{"@type":"ListItem","position":1,"name":"Accueil","item":"https:\/\/pandapay.ca\/fr\/"},{"@type":"ListItem","position":2,"name":"Notre engagement"}]},{"@type":"WebSite","@id":"https:\/\/pandapay.ca\/fr\/#website","url":"https:\/\/pandapay.ca\/fr\/","name":"PandaPay","description":"Votre partenaire de traitement de paiements tout-inclus.","publisher":{"@id":"https:\/\/pandapay.ca\/fr\/#organization"},"potentialAction":[{"@type":"SearchAction","target":{"@type":"EntryPoint","urlTemplate":"https:\/\/pandapay.ca\/fr\/?s={search_term_string}"},"query-input":"required name=search_term_string"}],"inLanguage":"fr-FR"},{"@type":"Organization","@id":"https:\/\/pandapay.ca\/fr\/#organization","name":"PandaPay","url":"https:\/\/pandapay.ca\/fr\/","logo":{"@type":"ImageObject","inLanguage":"fr-FR","@id":"https:\/\/pandapay.ca\/fr\/#\/schema\/logo\/image\/","url":"https:\/\/pandapay.ca\/app\/uploads\/2023\/03\/logo-pandaypay-144x144-1.png","contentUrl":"https:\/\/pandapay.ca\/app\/uploads\/2023\/03\/logo-pandaypay-144x144-1.png","width":144,"height":144,"caption":"PandaPay"},"image":{"@id":"https:\/\/pandapay.ca\/fr\/#\/schema\/logo\/image\/"},"sameAs":["https:\/\/www.instagram.com\/pandapay\/","https:\/\/ca.linkedin.com\/company\/pandapay\/","https:\/\/www.facebook.com\/PandaPay","https:\/\/twitter.com\/pandapayinc"]}]}},"_links":{"self":[{"href":"https:\/\/pandapay.ca\/fr\/wp-json\/wp\/v2\/pages\/386","targetHints":{"allow":["GET"]}}],"collection":[{"href":"https:\/\/pandapay.ca\/fr\/wp-json\/wp\/v2\/pages"}],"about":[{"href":"https:\/\/pandapay.ca\/fr\/wp-json\/wp\/v2\/types\/page"}],"author":[{"embeddable":true,"href":"https:\/\/pandapay.ca\/fr\/wp-json\/wp\/v2\/users\/1"}],"replies":[{"embeddable":true,"href":"https:\/\/pandapay.ca\/fr\/wp-json\/wp\/v2\/comments?post=386"}],"version-history":[{"count":17,"href":"https:\/\/pandapay.ca\/fr\/wp-json\/wp\/v2\/pages\/386\/revisions"}],"predecessor-version":[{"id":1150,"href":"https:\/\/pandapay.ca\/fr\/wp-json\/wp\/v2\/pages\/386\/revisions\/1150"}],"wp:attachment":[{"href":"https:\/\/pandapay.ca\/fr\/wp-json\/wp\/v2\/media?parent=386"}],"curies":[{"name":"wp","href":"https:\/\/api.w.org\/{rel}","templated":true}]}}